{"id":4514,"date":"2022-11-21T17:19:10","date_gmt":"2022-11-21T15:19:10","guid":{"rendered":"https:\/\/manukool.ee\/?page_id=4514"},"modified":"2022-11-24T22:11:54","modified_gmt":"2022-11-24T20:11:54","slug":"toopakkumised","status":"publish","type":"page","link":"https:\/\/manukool.ee\/ru\/toopakkumised\/","title":{"rendered":"\u0412\u0430\u043a\u0430\u043d\u0441\u0438\u0438"},"content":{"rendered":"<div data-elementor-type=\"wp-page\" data-elementor-id=\"4514\" class=\"elementor elementor-4514\" data-elementor-post-type=\"page\">\n\t\t\t\t<div class=\"elementor-element elementor-element-61dad6d7 e-flex e-con-boxed e-con e-parent\" data-id=\"61dad6d7\" data-element_type=\"container\" data-settings=\"{&quot;background_background&quot;:&quot;classic&quot;,&quot;shape_divider_top&quot;:&quot;mountains&quot;}\">\n\t\t\t\t\t<div class=\"e-con-inner\">\n\t\t\t\t<div class=\"elementor-shape elementor-shape-top\" data-negative=\"false\">\n\t\t\t<svg xmlns=\"http:\/\/www.w3.org\/2000\/svg\" viewbox=\"0 0 1000 100\" preserveaspectratio=\"none\">\n\t<path class=\"elementor-shape-fill\" opacity=\"0.33\" d=\"M473,67.3c-203.9,88.3-263.1-34-320.3,0C66,119.1,0,59.7,0,59.7V0h1000v59.7 c0,0-62.1,26.1-94.9,29.3c-32.8,3.3-62.8-12.3-75.8-22.1C806,49.6,745.3,8.7,694.9,4.7S492.4,59,473,67.3z\"\/>\n\t<path class=\"elementor-shape-fill\" opacity=\"0.66\" d=\"M734,67.3c-45.5,0-77.2-23.2-129.1-39.1c-28.6-8.7-150.3-10.1-254,39.1 s-91.7-34.4-149.2,0C115.7,118.3,0,39.8,0,39.8V0h1000v36.5c0,0-28.2-18.5-92.1-18.5C810.2,18.1,775.7,67.3,734,67.3z\"\/>\n\t<path class=\"elementor-shape-fill\" d=\"M766.1,28.9c-200-57.5-266,65.5-395.1,19.5C242,1.8,242,5.4,184.8,20.6C128,35.8,132.3,44.9,89.9,52.5C28.6,63.7,0,0,0,0 h1000c0,0-9.9,40.9-83.6,48.1S829.6,47,766.1,28.9z\"\/>\n<\/svg>\t\t<\/div>\n\t\t<div class=\"elementor-element elementor-element-f976da0 e-con-full e-flex e-con e-parent\" data-id=\"f976da0\" data-element_type=\"container\">\n\t\t\t\t<div class=\"elementor-element elementor-element-7a23d42 elementor-widget elementor-widget-heading\" data-id=\"7a23d42\" data-element_type=\"widget\" data-widget_type=\"heading.default\">\n\t\t\t\t\t<h2 class=\"elementor-heading-title elementor-size-default\">\u0412\u0430\u043a\u0430\u043d\u0441\u0438\u0438<\/h2>\t\t\t\t<\/div>\n\t\t\t\t<\/div>\n\t\t\t\t\t<\/div>\n\t\t\t\t<\/div>\n\t\t<div class=\"elementor-element elementor-element-9cf92 e-flex e-con-boxed e-con e-parent\" data-id=\"9cf92\" data-element_type=\"container\">\n\t\t\t\t\t<div class=\"e-con-inner\">\n\t\t\t\t<div class=\"elementor-element elementor-element-49f4806b elementor-widget elementor-widget-spacer\" data-id=\"49f4806b\" data-element_type=\"widget\" data-widget_type=\"spacer.default\">\n\t\t\t\t\t\t\t<div class=\"elementor-spacer\">\n\t\t\t<div class=\"elementor-spacer-inner\"><\/div>\n\t\t<\/div>\n\t\t\t\t\t\t<\/div>\n\t\t\t\t\t<\/div>\n\t\t\t\t<\/div>\n\t\t<div class=\"elementor-element elementor-element-857208c elementor-hidden-tablet elementor-hidden-mobile e-flex e-con-boxed e-con e-parent\" data-id=\"857208c\" data-element_type=\"container\">\n\t\t\t\t\t<div class=\"e-con-inner\">\n\t\t<div class=\"elementor-element elementor-element-aaf0550 e-con-full e-flex e-con e-parent\" data-id=\"aaf0550\" data-element_type=\"container\">\n\t\t\t\t<div class=\"elementor-element elementor-element-d9b20b4 elementor-widget elementor-widget-image\" data-id=\"d9b20b4\" data-element_type=\"widget\" data-widget_type=\"image.default\">\n\t\t\t\t\t\t\t\t\t\t\t\t\t\t\t<img fetchpriority=\"high\" decoding=\"async\" width=\"940\" height=\"788\" src=\"https:\/\/manukool.ee\/wp-content\/uploads\/2022\/11\/Toopakkumised-1.webp\" class=\"attachment-full size-full wp-image-4559\" alt=\"\u0412\u0430\u043a\u0430\u043d\u0441\u0438\u0438\" srcset=\"https:\/\/manukool.ee\/wp-content\/uploads\/2022\/11\/Toopakkumised-1.webp 940w, https:\/\/manukool.ee\/wp-content\/uploads\/2022\/11\/Toopakkumised-1-300x251.webp 300w, https:\/\/manukool.ee\/wp-content\/uploads\/2022\/11\/Toopakkumised-1-768x644.webp 768w, https:\/\/manukool.ee\/wp-content\/uploads\/2022\/11\/Toopakkumised-1-14x12.webp 14w\" sizes=\"(max-width: 940px) 100vw, 940px\" \/>\t\t\t\t\t\t\t\t\t\t\t\t\t\t\t<\/div>\n\t\t\t\t<\/div>\n\t\t<div class=\"elementor-element elementor-element-d46b014 e-con-full e-flex e-con e-parent\" data-id=\"d46b014\" data-element_type=\"container\">\n\t\t\t\t<div class=\"elementor-element elementor-element-f70ab91 elementor-widget elementor-widget-heading\" data-id=\"f70ab91\" data-element_type=\"widget\" data-widget_type=\"heading.default\">\n\t\t\t\t\t<h2 class=\"elementor-heading-title elementor-size-default\">\u041c\u044b \u0438\u0449\u0435\u043c \u0412\u0430\u0441!<\/h2>\t\t\t\t<\/div>\n\t\t\t\t<div class=\"elementor-element elementor-element-2b83f4e elementor-widget elementor-widget-text-editor\" data-id=\"2b83f4e\" data-element_type=\"widget\" data-widget_type=\"text-editor.default\">\n\t\t\t\t\t\t\t\t\t<ul>\n \t<li>\u0423 \u0412\u0430\u0441 \u0432\u044b\u0441\u0448\u0435\u0435 \u043f\u0435\u0434\u0430\u0433\u043e\u0433\u0438\u0447\u0435\u0441\u043a\u043e\u0435 \u043e\u0431\u0440\u0430\u0437\u043e\u0432\u0430\u043d\u0438\u0435,<\/li>\n<\/ul>\n<ul>\n \t<li>\u0435\u0441\u0442\u044c \u043e\u043f\u044b\u0442 \u043f\u0440\u0435\u043f\u043e\u0434\u0430\u0432\u0430\u043d\u0438\u044f \u044f\u0437\u044b\u043a\u043e\u0432 \u0432\u0437\u0440\u043e\u0441\u043b\u044b\u043c \u0438\u043b\u0438 \u0448\u043a\u043e\u043b\u044c\u043d\u0438\u043a\u0430\u043c,<\/li>\n<\/ul>\n<ul>\n \t<li>\u0438 \u0412\u044b \u0433\u043e\u0442\u043e\u0432\u044b \u043f\u0440\u043e\u0432\u043e\u0434\u0438\u0442\u044c \u043e\u0447\u043d\u044b\u0435 \u0438 \u043e\u043d\u043b\u0430\u0439\u043d-\u0437\u0430\u043d\u044f\u0442\u0438\u044f?<\/li>\n<\/ul>\t\t\t\t\t\t\t\t<\/div>\n\t\t\t\t<div class=\"elementor-element elementor-element-52ebeaf elementor-widget elementor-widget-text-editor\" data-id=\"52ebeaf\" data-element_type=\"widget\" data-widget_type=\"text-editor.default\">\n\t\t\t\t\t\t\t\t\t\u042f\u0437\u044b\u043a\u043e\u0432\u0430\u044f \u0448\u043a\u043e\u043b\u0430 Manukool \u0438\u0449\u0435\u0442 \u0432 \u0441\u0432\u043e\u044e \u0442\u0440\u0443\u0434\u043e\u043b\u044e\u0431\u0438\u0432\u0443\u044e \u0438 \u0436\u0438\u0437\u043d\u0435\u0440\u0430\u0434\u043e\u0441\u0442\u043d\u0443\u044e \u043a\u043e\u043c\u0430\u043d\u0434\u0443:\n<ul style=\"margin-top: 10px\">\n \t<li><b>\u0443\u0447\u0438\u0442\u0435\u043b\u044f \u044d\u0441\u0442\u043e\u043d\u0441\u043a\u043e\u0433\u043e \u044f\u0437\u044b\u043a\u0430 \u043a\u0430\u043a \u0438\u043d\u043e\u0441\u0442\u0440\u0430\u043d\u043d\u043e\u0433\u043e<\/b><\/li>\n \t<li><b>\u0443\u0447\u0438\u0442\u0435\u043b\u044f \u043d\u0435\u043c\u0435\u0446\u043a\u043e\u0433\u043e \u044f\u0437\u044b\u043a\u0430<\/b><\/li>\n \t<li><b>\u0443\u0447\u0438\u0442\u0435\u043b\u044f \u0430\u043d\u0433\u043b\u0438\u0439\u0441\u043a\u043e\u0433\u043e \u044f\u0437\u044b\u043a\u0430 (\u043d\u0430 \u0431\u0430\u0437\u0435 \u0440\u0443\u0441\u0441\u043a\u043e\u0433\u043e)<\/b><\/li>\n<\/ul>\n<div><b>\u00a0<\/b><\/div>\n<strong>\u0421\u0432\u044f\u0436\u0438\u0442\u0435\u0441\u044c \u0441 \u043d\u0430\u043c\u0438 \u0434\u043b\u044f \u043f\u043e\u043b\u0443\u0447\u0435\u043d\u0438\u044f \u0434\u043e\u043f\u043e\u043b\u043d\u0438\u0442\u0435\u043b\u044c\u043d\u043e\u0439 \u0438\u043d\u0444\u043e\u0440\u043c\u0430\u0446\u0438\u0438: <\/strong><a href=\"mailto:kontor@manukool.ee\">kontor@manukool.ee<\/a>\n<br>\n<strong>Tel.:<\/strong> <a href=\"tel:+37255661770\">55661770<\/a>\n<br>\n<strong>Kontaktisik:<\/strong> Oksana Suursaar\t\t\t\t\t\t\t\t<\/div>\n\t\t\t\t<\/div>\n\t\t\t\t\t<\/div>\n\t\t\t\t<\/div>\n\t\t<div class=\"elementor-element elementor-element-16e98ea elementor-hidden-desktop e-flex e-con-boxed e-con e-parent\" data-id=\"16e98ea\" data-element_type=\"container\">\n\t\t\t\t\t<div class=\"e-con-inner\">\n\t\t<div class=\"elementor-element elementor-element-56e6cb5 e-con-full e-flex e-con e-parent\" data-id=\"56e6cb5\" data-element_type=\"container\">\n\t\t\t\t<div class=\"elementor-element elementor-element-1f2782b elementor-widget elementor-widget-image\" data-id=\"1f2782b\" data-element_type=\"widget\" data-widget_type=\"image.default\">\n\t\t\t\t\t\t\t\t\t\t\t\t\t\t\t<img decoding=\"async\" src=\"https:\/\/manukool.ee\/wp-content\/uploads\/elementor\/thumbs\/Toopakkumised-1-py1tybnxgeyia75xg8ht67mgxvgr8berl3exlg9q0w.webp\" title=\"\u0412\u0430\u043a\u0430\u043d\u0441\u0438\u0438\" alt=\"\u0412\u0430\u043a\u0430\u043d\u0441\u0438\u0438\" loading=\"lazy\" \/>\t\t\t\t\t\t\t\t\t\t\t\t\t\t\t<\/div>\n\t\t\t\t<\/div>\n\t\t<div class=\"elementor-element elementor-element-c4b9ed1 e-con-full e-flex e-con e-parent\" data-id=\"c4b9ed1\" data-element_type=\"container\">\n\t\t\t\t<div class=\"elementor-element elementor-element-4e200e6 elementor-widget elementor-widget-heading\" data-id=\"4e200e6\" data-element_type=\"widget\" data-widget_type=\"heading.default\">\n\t\t\t\t\t<h2 class=\"elementor-heading-title elementor-size-default\">\u041c\u044b \u0438\u0449\u0435\u043c \u0412\u0430\u0441!<\/h2>\t\t\t\t<\/div>\n\t\t\t\t<div class=\"elementor-element elementor-element-5f56934 elementor-widget elementor-widget-text-editor\" data-id=\"5f56934\" data-element_type=\"widget\" data-widget_type=\"text-editor.default\">\n\t\t\t\t\t\t\t\t\t<ul>\n \t<li>\u0423 \u0412\u0430\u0441 \u0432\u044b\u0441\u0448\u0435\u0435 \u043f\u0435\u0434\u0430\u0433\u043e\u0433\u0438\u0447\u0435\u0441\u043a\u043e\u0435 \u043e\u0431\u0440\u0430\u0437\u043e\u0432\u0430\u043d\u0438\u0435,<\/li>\n<\/ul>\n<ul>\n \t<li>\u0435\u0441\u0442\u044c \u043e\u043f\u044b\u0442 \u043f\u0440\u0435\u043f\u043e\u0434\u0430\u0432\u0430\u043d\u0438\u044f \u044f\u0437\u044b\u043a\u043e\u0432 \u0432\u0437\u0440\u043e\u0441\u043b\u044b\u043c \u0438\u043b\u0438 \u0448\u043a\u043e\u043b\u044c\u043d\u0438\u043a\u0430\u043c,<\/li>\n<\/ul>\n<ul>\n \t<li>\u0438 \u0412\u044b \u0433\u043e\u0442\u043e\u0432\u044b \u043f\u0440\u043e\u0432\u043e\u0434\u0438\u0442\u044c \u043e\u0447\u043d\u044b\u0435 \u0438 \u043e\u043d\u043b\u0430\u0439\u043d-\u0437\u0430\u043d\u044f\u0442\u0438\u044f?<\/li>\n<\/ul>\t\t\t\t\t\t\t\t<\/div>\n\t\t\t\t<div class=\"elementor-element elementor-element-4f2bc09 elementor-widget elementor-widget-text-editor\" data-id=\"4f2bc09\" data-element_type=\"widget\" data-widget_type=\"text-editor.default\">\n\t\t\t\t\t\t\t\t\t\u042f\u0437\u044b\u043a\u043e\u0432\u0430\u044f \u0448\u043a\u043e\u043b\u0430 Manukool \u0438\u0449\u0435\u0442 \u0432 \u0441\u0432\u043e\u044e \u0442\u0440\u0443\u0434\u043e\u043b\u044e\u0431\u0438\u0432\u0443\u044e \u0438 \u0436\u0438\u0437\u043d\u0435\u0440\u0430\u0434\u043e\u0441\u0442\u043d\u0443\u044e \u043a\u043e\u043c\u0430\u043d\u0434\u0443:\n<ul style=\"margin-top: 10px\">\n \t<li><b>\u0443\u0447\u0438\u0442\u0435\u043b\u044f \u044d\u0441\u0442\u043e\u043d\u0441\u043a\u043e\u0433\u043e \u044f\u0437\u044b\u043a\u0430 \u043a\u0430\u043a \u0438\u043d\u043e\u0441\u0442\u0440\u0430\u043d\u043d\u043e\u0433\u043e<\/b><\/li>\n \t<li><b>\u0443\u0447\u0438\u0442\u0435\u043b\u044f \u043d\u0435\u043c\u0435\u0446\u043a\u043e\u0433\u043e \u044f\u0437\u044b\u043a\u0430<\/b><\/li>\n \t<li><b>\u0443\u0447\u0438\u0442\u0435\u043b\u044f \u0430\u043d\u0433\u043b\u0438\u0439\u0441\u043a\u043e\u0433\u043e \u044f\u0437\u044b\u043a\u0430 (\u043d\u0430 \u0431\u0430\u0437\u0435 \u0440\u0443\u0441\u0441\u043a\u043e\u0433\u043e)<\/b><\/li>\n<\/ul>\n<div><b>\u00a0<\/b><\/div>\n<strong>\u0421\u0432\u044f\u0436\u0438\u0442\u0435\u0441\u044c \u0441 \u043d\u0430\u043c\u0438 \u0434\u043b\u044f \u043f\u043e\u043b\u0443\u0447\u0435\u043d\u0438\u044f \u0434\u043e\u043f\u043e\u043b\u043d\u0438\u0442\u0435\u043b\u044c\u043d\u043e\u0439 \u0438\u043d\u0444\u043e\u0440\u043c\u0430\u0446\u0438\u0438: <\/strong><a href=\"mailto:kontor@manukool.ee\">kontor@manukool.ee<\/a>\n<br>\n<strong>Tel.:<\/strong> <a href=\"tel:+37255661770\">55661770<\/a>\n<br>\n<strong>Kontaktisik:<\/strong> Oksana Suursaar\t\t\t\t\t\t\t\t<\/div>\n\t\t\t\t<\/div>\n\t\t\t\t\t<\/div>\n\t\t\t\t<\/div>\n\t\t\t\t<\/div>","protected":false},"excerpt":{"rendered":"<p>T\u00f6\u00f6pakkumised Me otsime Sind! Sa omad k\u00f5rgharidust pedagoogika valdkonnas, Sul on t\u00e4iskasvanute v\u00f5i noorte keele\u00f5petamise kogemus, Sa oled valmis l\u00e4bi viima kontakt- ja veebitunde? Keeltekool Manukool ootab oma t\u00f6\u00f6kasse ja r\u00f5\u00f5msameelsesse meeskonda eesti keele \u00f5petajat (vene keele baasil) saksa keele \u00f5petajat inglise keele \u00f5petajat (vene keele baasil) \u00a0 Lisainfo saamiseks v\u00f5ta meiega \u00fchendust: kontor@manukool.ee Tel.: [&hellip;]<\/p>","protected":false},"author":1,"featured_media":0,"parent":0,"menu_order":0,"comment_status":"closed","ping_status":"closed","template":"","meta":{"_acf_changed":false,"footnotes":""},"class_list":["post-4514","page","type-page","status-publish","hentry"],"acf":[],"yoast_head":"<!-- This site is optimized with the Yoast SEO plugin v24.9 - https:\/\/yoast.com\/wordpress\/plugins\/seo\/ -->\n<title>T\u00f6\u00f6pakkumised - Manukool keeltekool<\/title>\n<meta name=\"robots\" content=\"index, follow, max-snippet:-1, max-image-preview:large, max-video-preview:-1\" \/>\n<link rel=\"canonical\" href=\"https:\/\/manukool.ee\/ru\/toopakkumised\/\" \/>\n<meta property=\"og:locale\" content=\"ru_RU\" \/>\n<meta property=\"og:type\" content=\"article\" \/>\n<meta property=\"og:title\" content=\"T\u00f6\u00f6pakkumised - Manukool keeltekool\" \/>\n<meta property=\"og:description\" content=\"T\u00f6\u00f6pakkumised Me otsime Sind! Sa omad k\u00f5rgharidust pedagoogika valdkonnas, Sul on t\u00e4iskasvanute v\u00f5i noorte keele\u00f5petamise kogemus, Sa oled valmi\" \/>\n<meta property=\"og:url\" content=\"https:\/\/manukool.ee\/ru\/toopakkumised\/\" \/>\n<meta property=\"og:site_name\" content=\"Manukool\" \/>\n<meta property=\"article:publisher\" content=\"https:\/\/www.facebook.com\/manukool.ee\" \/>\n<meta property=\"article:modified_time\" content=\"2022-11-24T20:11:54+00:00\" \/>\n<meta property=\"og:image\" content=\"https:\/\/manukool.ee\/wp-content\/uploads\/2022\/11\/Toopakkumised-1.webp\" \/>\n<meta name=\"twitter:card\" content=\"summary_large_image\" \/>\n<script type=\"application\/ld+json\" class=\"yoast-schema-graph\">{\"@context\":\"https:\/\/schema.org\",\"@graph\":[{\"@type\":\"WebPage\",\"@id\":\"https:\/\/manukool.ee\/toopakkumised\/\",\"url\":\"https:\/\/manukool.ee\/toopakkumised\/\",\"name\":\"T\u00f6\u00f6pakkumised - Manukool keeltekool\",\"isPartOf\":{\"@id\":\"https:\/\/manukool.ee\/#website\"},\"primaryImageOfPage\":{\"@id\":\"https:\/\/manukool.ee\/toopakkumised\/#primaryimage\"},\"image\":{\"@id\":\"https:\/\/manukool.ee\/toopakkumised\/#primaryimage\"},\"thumbnailUrl\":\"https:\/\/manukool.ee\/wp-content\/uploads\/2022\/11\/Toopakkumised-1.webp\",\"datePublished\":\"2022-11-21T15:19:10+00:00\",\"dateModified\":\"2022-11-24T20:11:54+00:00\",\"breadcrumb\":{\"@id\":\"https:\/\/manukool.ee\/toopakkumised\/#breadcrumb\"},\"inLanguage\":\"ru-RU\",\"potentialAction\":[{\"@type\":\"ReadAction\",\"target\":[\"https:\/\/manukool.ee\/toopakkumised\/\"]}]},{\"@type\":\"ImageObject\",\"inLanguage\":\"ru-RU\",\"@id\":\"https:\/\/manukool.ee\/toopakkumised\/#primaryimage\",\"url\":\"https:\/\/manukool.ee\/wp-content\/uploads\/2022\/11\/Toopakkumised-1.webp\",\"contentUrl\":\"https:\/\/manukool.ee\/wp-content\/uploads\/2022\/11\/Toopakkumised-1.webp\"},{\"@type\":\"BreadcrumbList\",\"@id\":\"https:\/\/manukool.ee\/toopakkumised\/#breadcrumb\",\"itemListElement\":[{\"@type\":\"ListItem\",\"position\":1,\"name\":\"Avaleh\u0435\",\"item\":\"https:\/\/manukool.ee\/\"},{\"@type\":\"ListItem\",\"position\":2,\"name\":\"T\u00f6\u00f6pakkumised\"}]},{\"@type\":\"WebSite\",\"@id\":\"https:\/\/manukool.ee\/#website\",\"url\":\"https:\/\/manukool.ee\/\",\"name\":\"Manukool\",\"description\":\"kaasaegne keeltekool\",\"publisher\":{\"@id\":\"https:\/\/manukool.ee\/#organization\"},\"potentialAction\":[{\"@type\":\"SearchAction\",\"target\":{\"@type\":\"EntryPoint\",\"urlTemplate\":\"https:\/\/manukool.ee\/?s={search_term_string}\"},\"query-input\":{\"@type\":\"PropertyValueSpecification\",\"valueRequired\":true,\"valueName\":\"search_term_string\"}}],\"inLanguage\":\"ru-RU\"},{\"@type\":\"Organization\",\"@id\":\"https:\/\/manukool.ee\/#organization\",\"name\":\"Manukool keeltekool\",\"alternateName\":\"Manukool O\u00dc\",\"url\":\"https:\/\/manukool.ee\/\",\"logo\":{\"@type\":\"ImageObject\",\"inLanguage\":\"ru-RU\",\"@id\":\"https:\/\/manukool.ee\/#\/schema\/logo\/image\/\",\"url\":\"https:\/\/manukool.ee\/wp-content\/uploads\/2022\/11\/logo-last-big-crop-350px.webp\",\"contentUrl\":\"https:\/\/manukool.ee\/wp-content\/uploads\/2022\/11\/logo-last-big-crop-350px.webp\",\"width\":350,\"height\":88,\"caption\":\"Manukool keeltekool\"},\"image\":{\"@id\":\"https:\/\/manukool.ee\/#\/schema\/logo\/image\/\"},\"sameAs\":[\"https:\/\/www.facebook.com\/manukool.ee\",\"https:\/\/www.instagram.com\/manukool.ee\/\"]}]}<\/script>\n<!-- \/ Yoast SEO plugin. -->","yoast_head_json":{"title":"T\u00f6\u00f6pakkumised - Manukool keeltekool","robots":{"index":"index","follow":"follow","max-snippet":"max-snippet:-1","max-image-preview":"max-image-preview:large","max-video-preview":"max-video-preview:-1"},"canonical":"https:\/\/manukool.ee\/ru\/toopakkumised\/","og_locale":"ru_RU","og_type":"article","og_title":"T\u00f6\u00f6pakkumised - Manukool keeltekool","og_description":"T\u00f6\u00f6pakkumised Me otsime Sind! Sa omad k\u00f5rgharidust pedagoogika valdkonnas, Sul on t\u00e4iskasvanute v\u00f5i noorte keele\u00f5petamise kogemus, Sa oled valmi","og_url":"https:\/\/manukool.ee\/ru\/toopakkumised\/","og_site_name":"Manukool","article_publisher":"https:\/\/www.facebook.com\/manukool.ee","article_modified_time":"2022-11-24T20:11:54+00:00","og_image":[{"url":"https:\/\/manukool.ee\/wp-content\/uploads\/2022\/11\/Toopakkumised-1.webp","type":"","width":"","height":""}],"twitter_card":"summary_large_image","schema":{"@context":"https:\/\/schema.org","@graph":[{"@type":"WebPage","@id":"https:\/\/manukool.ee\/toopakkumised\/","url":"https:\/\/manukool.ee\/toopakkumised\/","name":"T\u00f6\u00f6pakkumised - Manukool keeltekool","isPartOf":{"@id":"https:\/\/manukool.ee\/#website"},"primaryImageOfPage":{"@id":"https:\/\/manukool.ee\/toopakkumised\/#primaryimage"},"image":{"@id":"https:\/\/manukool.ee\/toopakkumised\/#primaryimage"},"thumbnailUrl":"https:\/\/manukool.ee\/wp-content\/uploads\/2022\/11\/Toopakkumised-1.webp","datePublished":"2022-11-21T15:19:10+00:00","dateModified":"2022-11-24T20:11:54+00:00","breadcrumb":{"@id":"https:\/\/manukool.ee\/toopakkumised\/#breadcrumb"},"inLanguage":"ru-RU","potentialAction":[{"@type":"ReadAction","target":["https:\/\/manukool.ee\/toopakkumised\/"]}]},{"@type":"ImageObject","inLanguage":"ru-RU","@id":"https:\/\/manukool.ee\/toopakkumised\/#primaryimage","url":"https:\/\/manukool.ee\/wp-content\/uploads\/2022\/11\/Toopakkumised-1.webp","contentUrl":"https:\/\/manukool.ee\/wp-content\/uploads\/2022\/11\/Toopakkumised-1.webp"},{"@type":"BreadcrumbList","@id":"https:\/\/manukool.ee\/toopakkumised\/#breadcrumb","itemListElement":[{"@type":"ListItem","position":1,"name":"Avaleh\u0435","item":"https:\/\/manukool.ee\/"},{"@type":"ListItem","position":2,"name":"T\u00f6\u00f6pakkumised"}]},{"@type":"WebSite","@id":"https:\/\/manukool.ee\/#website","url":"https:\/\/manukool.ee\/","name":"Manukool","description":"kaasaegne keeltekool","publisher":{"@id":"https:\/\/manukool.ee\/#organization"},"potentialAction":[{"@type":"SearchAction","target":{"@type":"EntryPoint","urlTemplate":"https:\/\/manukool.ee\/?s={search_term_string}"},"query-input":{"@type":"PropertyValueSpecification","valueRequired":true,"valueName":"search_term_string"}}],"inLanguage":"ru-RU"},{"@type":"Organization","@id":"https:\/\/manukool.ee\/#organization","name":"Manukool keeltekool","alternateName":"Manukool O\u00dc","url":"https:\/\/manukool.ee\/","logo":{"@type":"ImageObject","inLanguage":"ru-RU","@id":"https:\/\/manukool.ee\/#\/schema\/logo\/image\/","url":"https:\/\/manukool.ee\/wp-content\/uploads\/2022\/11\/logo-last-big-crop-350px.webp","contentUrl":"https:\/\/manukool.ee\/wp-content\/uploads\/2022\/11\/logo-last-big-crop-350px.webp","width":350,"height":88,"caption":"Manukool keeltekool"},"image":{"@id":"https:\/\/manukool.ee\/#\/schema\/logo\/image\/"},"sameAs":["https:\/\/www.facebook.com\/manukool.ee","https:\/\/www.instagram.com\/manukool.ee\/"]}]}},"_links":{"self":[{"href":"https:\/\/manukool.ee\/ru\/wp-json\/wp\/v2\/pages\/4514","targetHints":{"allow":["GET"]}}],"collection":[{"href":"https:\/\/manukool.ee\/ru\/wp-json\/wp\/v2\/pages"}],"about":[{"href":"https:\/\/manukool.ee\/ru\/wp-json\/wp\/v2\/types\/page"}],"author":[{"embeddable":true,"href":"https:\/\/manukool.ee\/ru\/wp-json\/wp\/v2\/users\/1"}],"replies":[{"embeddable":true,"href":"https:\/\/manukool.ee\/ru\/wp-json\/wp\/v2\/comments?post=4514"}],"version-history":[{"count":68,"href":"https:\/\/manukool.ee\/ru\/wp-json\/wp\/v2\/pages\/4514\/revisions"}],"predecessor-version":[{"id":4638,"href":"https:\/\/manukool.ee\/ru\/wp-json\/wp\/v2\/pages\/4514\/revisions\/4638"}],"wp:attachment":[{"href":"https:\/\/manukool.ee\/ru\/wp-json\/wp\/v2\/media?parent=4514"}],"curies":[{"name":"wp","href":"https:\/\/api.w.org\/{rel}","templated":true}]}}