{"id":437,"date":"2022-07-07T13:33:09","date_gmt":"2022-07-07T13:33:09","guid":{"rendered":"https:\/\/manukool.ee\/?page_id=437"},"modified":"2022-11-04T13:07:24","modified_gmt":"2022-11-04T11:07:24","slug":"eesti-keel","status":"publish","type":"page","link":"https:\/\/manukool.ee\/ru\/kursused\/eesti-keel\/","title":{"rendered":"\u042d\u0441\u0442\u043e\u043d\u0441\u043a\u0438\u0439 \u044f\u0437\u044b\u043a"},"content":{"rendered":"<div data-elementor-type=\"wp-page\" data-elementor-id=\"437\" class=\"elementor elementor-437\" data-elementor-post-type=\"page\">\n\t\t\t\t\t\t<section class=\"elementor-section elementor-top-section elementor-element elementor-element-75df345c elementor-section-height-min-height elementor-section-boxed elementor-section-height-default elementor-section-items-middle\" data-id=\"75df345c\" data-element_type=\"section\" data-settings=\"{&quot;background_background&quot;:&quot;classic&quot;}\">\n\t\t\t\t\t\t\t<div class=\"elementor-background-overlay\"><\/div>\n\t\t\t\t\t\t\t<div class=\"elementor-container elementor-column-gap-default\">\n\t\t\t\t\t<div class=\"elementor-column elementor-col-100 elementor-top-column elementor-element elementor-element-14866ead\" data-id=\"14866ead\" data-element_type=\"column\">\n\t\t\t<div class=\"elementor-widget-wrap elementor-element-populated\">\n\t\t\t\t\t\t<section class=\"elementor-section elementor-inner-section elementor-element elementor-element-1b6e27d elementor-section-boxed elementor-section-height-default elementor-section-height-default\" data-id=\"1b6e27d\" data-element_type=\"section\">\n\t\t\t\t\t\t<div class=\"elementor-container elementor-column-gap-default\">\n\t\t\t\t\t<div class=\"elementor-column elementor-col-50 elementor-inner-column elementor-element elementor-element-96245f0\" data-id=\"96245f0\" data-element_type=\"column\">\n\t\t\t<div class=\"elementor-widget-wrap elementor-element-populated\">\n\t\t\t\t\t\t<div class=\"elementor-element elementor-element-77ff6b7a elementor-widget elementor-widget-heading\" data-id=\"77ff6b7a\" data-element_type=\"widget\" data-widget_type=\"heading.default\">\n\t\t\t\t\t<h1 class=\"elementor-heading-title elementor-size-default\">\u042d\u0441\u0442\u043e\u043d\u0441\u043a\u0438\u0439 \u044f\u0437\u044b\u043a<\/h1>\t\t\t\t<\/div>\n\t\t\t\t\t<\/div>\n\t\t<\/div>\n\t\t\t\t<div class=\"elementor-column elementor-col-50 elementor-inner-column elementor-element elementor-element-bbbd001\" data-id=\"bbbd001\" data-element_type=\"column\">\n\t\t\t<div class=\"elementor-widget-wrap elementor-element-populated\">\n\t\t\t\t\t\t<div class=\"elementor-element elementor-element-2890b43 elementor-widget elementor-widget-image\" data-id=\"2890b43\" data-element_type=\"widget\" data-widget_type=\"image.default\">\n\t\t\t\t\t\t\t\t\t\t\t\t\t\t\t<img decoding=\"async\" src=\"https:\/\/manukool.ee\/wp-content\/uploads\/elementor\/thumbs\/eesti-flag-250w-prh5vh9pwpema0ukffwntxcgrnxuk0d4vikgr8k7wm.png\" title=\"eesti-flag-250w\" alt=\"eesti-flag-250w\" loading=\"lazy\" \/>\t\t\t\t\t\t\t\t\t\t\t\t\t\t\t<\/div>\n\t\t\t\t\t<\/div>\n\t\t<\/div>\n\t\t\t\t\t<\/div>\n\t\t<\/section>\n\t\t\t\t<div class=\"elementor-element elementor-element-c975a37 elementor-align-center elementor-hidden-mobile elementor-widget elementor-widget-breadcrumbs\" data-id=\"c975a37\" data-element_type=\"widget\" data-widget_type=\"breadcrumbs.default\">\n\t\t\t\t\t<p id=\"breadcrumbs\"><span><span><a href=\"https:\/\/manukool.ee\/ru\/\">Avaleh\u0435<\/a><\/span><\/span><\/p>\t\t\t\t<\/div>\n\t\t\t\t\t<\/div>\n\t\t<\/div>\n\t\t\t\t\t<\/div>\n\t\t<\/section>\n\t\t\t\t<section class=\"elementor-section elementor-top-section elementor-element elementor-element-26056be0 elementor-section-boxed elementor-section-height-default elementor-section-height-default\" data-id=\"26056be0\" data-element_type=\"section\">\n\t\t\t\t\t\t<div class=\"elementor-container elementor-column-gap-default\">\n\t\t\t\t\t<div class=\"elementor-column elementor-col-100 elementor-top-column elementor-element elementor-element-20389818\" data-id=\"20389818\" data-element_type=\"column\">\n\t\t\t<div class=\"elementor-widget-wrap elementor-element-populated\">\n\t\t\t\t\t\t<div class=\"elementor-element elementor-element-3adb6e8 elementor-widget elementor-widget-text-editor\" data-id=\"3adb6e8\" data-element_type=\"widget\" data-widget_type=\"text-editor.default\">\n\t\t\t\t\t\t\t\t\t<p class=\"p1\"><span class=\"s1\">\u0412 \u044f\u0437\u044b\u043a\u043e\u0432\u043e\u0439 \u0448\u043a\u043e\u043b\u0435 Manukool \u0432\u044b \u043c\u043e\u0436\u0435\u0442\u0435 \u0443\u0447\u0438\u0442\u044c \u044d\u0441\u0442\u043e\u043d\u0441\u043a\u0438\u0439 \u044f\u0437\u044b\u043a, \u043d\u0430\u0447\u0438\u043d\u0430\u044f \u0441 \u043d\u0443\u043b\u044f.<\/span><\/p><p class=\"p1\"><span class=\"s1\"> \u041d\u0430 \u043a\u0443\u0440\u0441\u0430\u0445 \u044d\u0441\u0442\u043e\u043d\u0441\u043a\u043e\u0433\u043e \u044f\u0437\u044b\u043a\u0430 \u0443\u0440\u043e\u0432\u043d\u0435\u0439 A1, A2, B1 \u0438 B2 \u0432\u044b \u043d\u0430\u0443\u0447\u0438\u0442\u0435\u0441\u044c \u0433\u043e\u0432\u043e\u0440\u0438\u0442\u044c \u043d\u0430 \u044f\u0437\u044b\u043a\u0435 \u0447\u0435\u0442\u043a\u043e \u0438 \u0443\u0432\u0435\u0440\u0435\u043d\u043d\u043e. \u00a0<\/span><\/p><p class=\"p1\"><span class=\"s1\">\u0415\u0441\u043b\u0438 \u0432\u044b \u0436\u0435\u043b\u0430\u0435\u0442\u0435:\u00a0<\/span><\/p><ul class=\"ul1\"><li class=\"li1\"><span class=\"s1\">\u0438\u0437\u0443\u0447\u0430\u0442\u044c \u044d\u0441\u0442\u043e\u043d\u0441\u043a\u0438\u0439 \u044f\u0437\u044b\u043a, \u0438\u0441\u043f\u043e\u043b\u044c\u0437\u0443\u044f \u0441\u043e\u0432\u0440\u0435\u043c\u0435\u043d\u043d\u044b\u0435 \u043c\u0435\u0442\u043e\u0434\u044b \u043e\u0431\u0443\u0447\u0435\u043d\u0438\u044f \u0438 \u043f\u043e \u0430\u0434\u0430\u043f\u0442\u0438\u0440\u043e\u0432\u0430\u043d\u043d\u043e\u0439 \u043a \u0432\u0430\u0448\u0438\u043c \u043f\u043e\u0442\u0440\u0435\u0431\u043d\u043e\u0441\u0442\u044f\u043c \u0443\u0447\u0435\u0431\u043d\u043e\u0439 \u043f\u0440\u043e\u0433\u0440\u0430\u043c\u043c\u0435;\u00a0<\/span><span class=\"s3\"><br \/><\/span><\/li><li class=\"li1\"><span class=\"s1\">\u043e\u0431\u0449\u0430\u0442\u044c\u0441\u044f \u043d\u0430 \u044d\u0441\u0442\u043e\u043d\u0441\u043a\u043e\u043c \u044f\u0437\u044b\u043a\u0435 \u0438 \u0438\u043d\u0442\u0435\u0440\u0435\u0441\u0443\u0435\u0442\u0435\u0441\u044c \u044f\u0437\u044b\u043a\u043e\u043c \u0438 \u043a\u0443\u043b\u044c\u0442\u0443\u0440\u043e\u0439 \u042d\u0441\u0442\u043e\u043d\u0438\u0438;\u00a0<\/span><span class=\"s3\"><br \/><\/span><\/li><li class=\"li1\"><span class=\"s1\">\u0443\u043b\u0443\u0447\u0448\u0438\u0442\u044c \u0441\u0432\u043e\u0438 \u043f\u0440\u043e\u0444\u0435\u0441\u0441\u0438\u043e\u043d\u0430\u043b\u044c\u043d\u044b\u0435 \u0437\u043d\u0430\u043d\u0438\u044f;\u00a0<\/span><span class=\"s3\"><br \/><\/span><\/li><li class=\"li1\"><span class=\"s1\">\u0431\u044b\u0442\u044c \u043a\u043e\u043d\u043a\u0443\u0440\u0435\u043d\u0442\u043e\u0441\u043f\u043e\u0441\u043e\u0431\u043d\u044b\u043c \u043d\u0430 \u0440\u044b\u043d\u043a\u0435 \u0442\u0440\u0443\u0434\u0430 \u042d\u0441\u0442\u043e\u043d\u0438\u0438 \u0438 \u0441\u043e\u0437\u0434\u0430\u0432\u0430\u0442\u044c \u043d\u043e\u0432\u044b\u0435 \u043a\u0430\u0440\u044c\u0435\u0440\u043d\u044b\u0435 \u0432\u043e\u0437\u043c\u043e\u0436\u043d\u043e\u0441\u0442\u0438;\u00a0<\/span><span class=\"s3\"><br \/><\/span><\/li><li class=\"li1\"><span class=\"s1\">\u043f\u0440\u0435\u043e\u0434\u043e\u043b\u0435\u0442\u044c \u0441\u0442\u0440\u0430\u0445\u0438 \u0438 \u0434\u043e\u0431\u0438\u0442\u044c\u0441\u044f \u0443\u0441\u043f\u0435\u0445\u0430, \u00a0<\/span><span class=\"s3\"><br \/><\/span><\/li><\/ul><p class=\"p1\"><span class=\"s1\">\u0442\u043e\u0433\u0434\u0430 \u043a\u043e\u043d\u0442\u0430\u043a\u0442\u043d\u043e\u0435 \u043e\u0431\u0443\u0447\u0435\u043d\u0438\u0435, \u044f\u0437\u044b\u043a\u043e\u0432\u044b\u0435 \u043e\u043d\u043b\u0430\u0439\u043d-\u043a\u0443\u0440\u0441\u044b  \u0438\u043b\u0438 \u0438\u043d\u0434\u0438\u0432\u0438\u0434\u0443\u0430\u043b\u044c\u043d\u044b\u0435 \u0437\u0430\u043d\u044f\u0442\u0438\u044f, \u043f\u0440\u0435\u0434\u043b\u0430\u0433\u0430\u0435\u043c\u044b\u0435 \u043d\u0430\u043c\u0438, \u0438\u043c\u0435\u043d\u043d\u043e \u0434\u043b\u044f \u0432\u0430\u0441!\u00a0<\/span><\/p><p class=\"p1\"><span class=\"s1\">\u041e\u0437\u043d\u0430\u043a\u043e\u043c\u044c\u0442\u0435\u0441\u044c \u0441\u043e \u0432\u0441\u0435\u043c\u0438 \u043f\u0440\u0435\u0434\u043b\u0430\u0433\u0430\u0435\u043c\u044b\u043c\u0438 \u043d\u0430\u043c\u0438 \u043a\u0443\u0440\u0441\u0430\u043c\u0438 \u044d\u0441\u0442\u043e\u043d\u0441\u043a\u043e\u0433\u043e \u044f\u0437\u044b\u043a\u0430 \u0438 \u0432\u044b\u0431\u0435\u0440\u0438\u0442\u0435 \u0434\u043b\u044f \u0441\u0435\u0431\u044f \u043f\u043e\u0434\u0445\u043e\u0434\u044f\u0449\u0443\u044e \u0444\u043e\u0440\u043c\u0443 \u043e\u0431\u0443\u0447\u0435\u043d\u0438\u044f.<\/span><\/p>\t\t\t\t\t\t\t\t<\/div>\n\t\t\t\t<div class=\"elementor-element elementor-element-69f0cc4 elementor-cta--skin-classic elementor-animated-content elementor-bg-transform elementor-bg-transform-zoom-in elementor-widget elementor-widget-global elementor-global-4104 elementor-widget-call-to-action\" data-id=\"69f0cc4\" data-element_type=\"widget\" data-widget_type=\"call-to-action.default\">\n\t\t\t\t\t\t\t<div class=\"elementor-cta\">\n\t\t\t\t\t\t\t<div class=\"elementor-cta__content\">\n\t\t\t\t\t\t\t\t\t<div class=\"elementor-content-item elementor-cta__content-item elementor-icon-wrapper elementor-cta__icon elementor-view-default\">\n\t\t\t\t\t\t<div class=\"elementor-icon\">\n\t\t\t\t\t\t\t<svg aria-hidden=\"true\" class=\"e-font-icon-svg e-far-question-circle\" viewbox=\"0 0 512 512\" xmlns=\"http:\/\/www.w3.org\/2000\/svg\"><path d=\"M256 8C119.043 8 8 119.083 8 256c0 136.997 111.043 248 248 248s248-111.003 248-248C504 119.083 392.957 8 256 8zm0 448c-110.532 0-200-89.431-200-200 0-110.495 89.472-200 200-200 110.491 0 200 89.471 200 200 0 110.53-89.431 200-200 200zm107.244-255.2c0 67.052-72.421 68.084-72.421 92.863V300c0 6.627-5.373 12-12 12h-45.647c-6.627 0-12-5.373-12-12v-8.659c0-35.745 27.1-50.034 47.579-61.516 17.561-9.845 28.324-16.541 28.324-29.579 0-17.246-21.999-28.693-39.784-28.693-23.189 0-33.894 10.977-48.942 29.969-4.057 5.12-11.46 6.071-16.666 2.124l-27.824-21.098c-5.107-3.872-6.251-11.066-2.644-16.363C184.846 131.491 214.94 112 261.794 112c49.071 0 101.45 38.304 101.45 88.8zM298 368c0 23.159-18.841 42-42 42s-42-18.841-42-42 18.841-42 42-42 42 18.841 42 42z\"><\/path><\/svg>\t\t\t\t\t\t<\/div>\n\t\t\t\t\t<\/div>\n\t\t\t\t\n\t\t\t\t\t\t\t\t\t<h2 class=\"elementor-cta__title elementor-cta__content-item elementor-content-item\">\n\t\t\t\t\t\t\u041d\u0435 \u0441\u043c\u043e\u0433\u043b\u0438 \u043d\u0430\u0439\u0442\u0438 \u043f\u043e\u0434\u0445\u043e\u0434\u044f\u0449\u0438\u0439 \u043a\u0443\u0440\u0441?\t\t\t\t\t<\/h2>\n\t\t\t\t\n\t\t\t\t\t\t\t\t\t<div class=\"elementor-cta__description elementor-cta__content-item elementor-content-item\">\n\t\t\t\t\t\t\u0417\u0430\u0434\u0430\u0439\u0442\u0435 \u043d\u0430\u043c \u0441\u0432\u043e\u0439 \u0432\u043e\u043f\u0440\u043e\u0441,<br>\n\u041c\u044b \u0441\u0432\u044f\u0436\u0435\u043c\u0441\u044f \u0441 \u0432\u0430\u043c\u0438 \u043a\u0430\u043a \u043c\u043e\u0436\u043d\u043e \u0441\u043a\u043e\u0440\u0435\u0435 \u0438 \u043c\u044b \u043f\u043e\u0441\u0442\u0430\u0440\u0430\u0435\u043c\u0441\u044f \u043f\u0440\u0435\u0434\u043b\u043e\u0436\u0438\u0442\u044c \u0432\u0430\u043c \u043e\u043f\u0442\u0438\u043c\u0430\u043b\u044c\u043d\u044b\u0439 \u0432\u0430\u0440\u0438\u0430\u043d\u0442, <br>\u0441\u043e\u043e\u0442\u0432\u0435\u0442\u0441\u0442\u0432\u0443\u044e\u0449\u0438\u0439 \u0432\u0430\u0448\u0438\u043c \u043f\u043e\u0442\u0440\u0435\u0431\u043d\u043e\u0441\u0442\u044f\u043c \u0438 \u043f\u043e\u0436\u0435\u043b\u0430\u043d\u0438\u044f\u043c.\n\t\t\t\t\t<\/div>\n\t\t\t\t\n\t\t\t\t\t\t\t\t\t<div class=\"elementor-cta__button-wrapper elementor-cta__content-item elementor-content-item\">\n\t\t\t\t\t<a class=\"elementor-cta__button elementor-button elementor-size-\" href=\"#elementor-action%3Aaction%3Dpopup%3Aopen%26settings%3DeyJpZCI6IjQwOTMiLCJ0b2dnbGUiOmZhbHNlfQ%3D%3D\">\n\t\t\t\t\t\t\u041d\u0430\u043f\u0438\u0441\u0430\u0442\u044c \u043d\u0430\u043c\t\t\t\t\t<\/a>\n\t\t\t\t\t<\/div>\n\t\t\t\t\t\t\t<\/div>\n\t\t\t\t\t\t<\/div>\n\t\t\t\t\t\t<\/div>\n\t\t\t\t<div class=\"elementor-element elementor-element-ff99e84 elementor-widget elementor-widget-heading\" data-id=\"ff99e84\" data-element_type=\"widget\" data-widget_type=\"heading.default\">\n\t\t\t\t\t<h2 class=\"elementor-heading-title elementor-size-default\">\u041f\u0420\u0415\u0414\u0421\u0422\u041e\u042f\u0429\u0418\u0415 \u041a\u0423\u0420\u0421\u042b<\/h2>\t\t\t\t<\/div>\n\t\t\t\t<div class=\"elementor-element elementor-element-0766fd0 elementor-grid-3 elementor-grid-tablet-2 elementor-grid-mobile-1 elementor-widget elementor-widget-loop-grid\" data-id=\"0766fd0\" data-element_type=\"widget\" data-settings=\"{&quot;template_id&quot;:&quot;4123&quot;,&quot;pagination_type&quot;:&quot;load_more_infinite_scroll&quot;,&quot;load_more_spinner&quot;:{&quot;value&quot;:&quot;fas fa-sync&quot;,&quot;library&quot;:&quot;fa-solid&quot;},&quot;_skin&quot;:&quot;post&quot;,&quot;columns&quot;:&quot;3&quot;,&quot;columns_tablet&quot;:&quot;2&quot;,&quot;columns_mobile&quot;:&quot;1&quot;,&quot;edit_handle_selector&quot;:&quot;[data-elementor-type=\\&quot;loop-item\\&quot;]&quot;,&quot;row_gap&quot;:{&quot;unit&quot;:&quot;px&quot;,&quot;size&quot;:&quot;&quot;,&quot;sizes&quot;:[]},&quot;row_gap_tablet&quot;:{&quot;unit&quot;:&quot;px&quot;,&quot;size&quot;:&quot;&quot;,&quot;sizes&quot;:[]},&quot;row_gap_mobile&quot;:{&quot;unit&quot;:&quot;px&quot;,&quot;size&quot;:&quot;&quot;,&quot;sizes&quot;:[]}}\" data-widget_type=\"loop-grid.post\">\n\t\t\t\t\t\t\t<div class=\"e-loop-nothing-found-message\">\n\t\t<\/div>\n\t\t\t\t\t\t<\/div>\n\t\t\t\t<div class=\"elementor-element elementor-element-5d8c5fe2 elementor-widget elementor-widget-spacer\" data-id=\"5d8c5fe2\" data-element_type=\"widget\" data-widget_type=\"spacer.default\">\n\t\t\t\t\t\t\t<div class=\"elementor-spacer\">\n\t\t\t<div class=\"elementor-spacer-inner\"><\/div>\n\t\t<\/div>\n\t\t\t\t\t\t<\/div>\n\t\t\t\t\t<\/div>\n\t\t<\/div>\n\t\t\t\t\t<\/div>\n\t\t<\/section>\n\t\t\t\t<\/div>","protected":false},"excerpt":{"rendered":"<p>Manukool keeltekoolis saab \u00f5ppida eesti keelt alates nullist. Eesti keele kursustel tasemetele A1, A2, B1\u00a0 sa \u00f5pid r\u00e4\u00e4kima keelt selgelt ja kindlalt. \u00a0 Kui sa soovid:\u00a0 \u00f5ppida eesti keelt kaasaegsete \u00f5ppemeetodite abil ning sinu vajaduste j\u00e4rgi kohandatud \u00f5ppeprogrammi j\u00e4rgi;\u00a0 suhelda eesti keeles ja tunned huvi keele ja kultuuri vastu;\u00a0 t\u00e4iendada oma ametialaseid teadmisi;\u00a0 olla Eesti [&hellip;]<\/p>","protected":false},"author":1,"featured_media":886,"parent":435,"menu_order":0,"comment_status":"closed","ping_status":"closed","template":"","meta":{"_acf_changed":false,"footnotes":""},"class_list":["post-437","page","type-page","status-publish","has-post-thumbnail","hentry"],"acf":[],"yoast_head":"<!-- This site is optimized with the Yoast SEO plugin v24.9 - https:\/\/yoast.com\/wordpress\/plugins\/seo\/ -->\n<title>Eesti keel - Manukool keeltekool<\/title>\n<meta name=\"robots\" content=\"index, follow, max-snippet:-1, max-image-preview:large, max-video-preview:-1\" \/>\n<link rel=\"canonical\" href=\"https:\/\/manukool.ee\/ru\/kursused\/eesti-keel\/\" \/>\n<meta property=\"og:locale\" content=\"ru_RU\" \/>\n<meta property=\"og:type\" content=\"article\" \/>\n<meta property=\"og:title\" content=\"Eesti keel - Manukool keeltekool\" \/>\n<meta property=\"og:description\" content=\"Manukool keeltekoolis saab \u00f5ppida eesti keelt alates nullist. Eesti keele kursustel tasemetele A1, A2, B1\u00a0 sa \u00f5pid r\u00e4\u00e4kima keelt selgelt ja kindl\" \/>\n<meta property=\"og:url\" content=\"https:\/\/manukool.ee\/ru\/kursused\/eesti-keel\/\" \/>\n<meta property=\"og:site_name\" content=\"Manukool\" \/>\n<meta property=\"article:publisher\" content=\"https:\/\/www.facebook.com\/manukool.ee\" \/>\n<meta property=\"article:modified_time\" content=\"2022-11-04T11:07:24+00:00\" \/>\n<meta property=\"og:image\" content=\"https:\/\/manukool.ee\/wp-content\/uploads\/2022\/07\/eesti-flag-250w.png\" \/>\n\t<meta property=\"og:image:width\" content=\"250\" \/>\n\t<meta property=\"og:image:height\" content=\"167\" \/>\n\t<meta property=\"og:image:type\" content=\"image\/png\" \/>\n<meta name=\"twitter:card\" content=\"summary_large_image\" \/>\n<script type=\"application\/ld+json\" class=\"yoast-schema-graph\">{\"@context\":\"https:\/\/schema.org\",\"@graph\":[{\"@type\":\"WebPage\",\"@id\":\"https:\/\/manukool.ee\/kursused\/eesti-keel\/\",\"url\":\"https:\/\/manukool.ee\/kursused\/eesti-keel\/\",\"name\":\"Eesti keel - Manukool keeltekool\",\"isPartOf\":{\"@id\":\"https:\/\/manukool.ee\/#website\"},\"primaryImageOfPage\":{\"@id\":\"https:\/\/manukool.ee\/kursused\/eesti-keel\/#primaryimage\"},\"image\":{\"@id\":\"https:\/\/manukool.ee\/kursused\/eesti-keel\/#primaryimage\"},\"thumbnailUrl\":\"https:\/\/manukool.ee\/wp-content\/uploads\/2022\/07\/eesti-flag-250w.png\",\"datePublished\":\"2022-07-07T13:33:09+00:00\",\"dateModified\":\"2022-11-04T11:07:24+00:00\",\"breadcrumb\":{\"@id\":\"https:\/\/manukool.ee\/kursused\/eesti-keel\/#breadcrumb\"},\"inLanguage\":\"ru-RU\",\"potentialAction\":[{\"@type\":\"ReadAction\",\"target\":[\"https:\/\/manukool.ee\/kursused\/eesti-keel\/\"]}]},{\"@type\":\"ImageObject\",\"inLanguage\":\"ru-RU\",\"@id\":\"https:\/\/manukool.ee\/kursused\/eesti-keel\/#primaryimage\",\"url\":\"https:\/\/manukool.ee\/wp-content\/uploads\/2022\/07\/eesti-flag-250w.png\",\"contentUrl\":\"https:\/\/manukool.ee\/wp-content\/uploads\/2022\/07\/eesti-flag-250w.png\",\"width\":250,\"height\":167},{\"@type\":\"BreadcrumbList\",\"@id\":\"https:\/\/manukool.ee\/kursused\/eesti-keel\/#breadcrumb\",\"itemListElement\":[{\"@type\":\"ListItem\",\"position\":1,\"name\":\"Avaleh\u0435\",\"item\":\"https:\/\/manukool.ee\/\"},{\"@type\":\"ListItem\",\"position\":2,\"name\":\"Kursused\",\"item\":\"https:\/\/manukool.ee\/ru\/kursused\/\"},{\"@type\":\"ListItem\",\"position\":3,\"name\":\"Eesti keel\"}]},{\"@type\":\"WebSite\",\"@id\":\"https:\/\/manukool.ee\/#website\",\"url\":\"https:\/\/manukool.ee\/\",\"name\":\"Manukool\",\"description\":\"kaasaegne keeltekool\",\"publisher\":{\"@id\":\"https:\/\/manukool.ee\/#organization\"},\"potentialAction\":[{\"@type\":\"SearchAction\",\"target\":{\"@type\":\"EntryPoint\",\"urlTemplate\":\"https:\/\/manukool.ee\/?s={search_term_string}\"},\"query-input\":{\"@type\":\"PropertyValueSpecification\",\"valueRequired\":true,\"valueName\":\"search_term_string\"}}],\"inLanguage\":\"ru-RU\"},{\"@type\":\"Organization\",\"@id\":\"https:\/\/manukool.ee\/#organization\",\"name\":\"Manukool keeltekool\",\"alternateName\":\"Manukool O\u00dc\",\"url\":\"https:\/\/manukool.ee\/\",\"logo\":{\"@type\":\"ImageObject\",\"inLanguage\":\"ru-RU\",\"@id\":\"https:\/\/manukool.ee\/#\/schema\/logo\/image\/\",\"url\":\"https:\/\/manukool.ee\/wp-content\/uploads\/2022\/11\/logo-last-big-crop-350px.webp\",\"contentUrl\":\"https:\/\/manukool.ee\/wp-content\/uploads\/2022\/11\/logo-last-big-crop-350px.webp\",\"width\":350,\"height\":88,\"caption\":\"Manukool keeltekool\"},\"image\":{\"@id\":\"https:\/\/manukool.ee\/#\/schema\/logo\/image\/\"},\"sameAs\":[\"https:\/\/www.facebook.com\/manukool.ee\",\"https:\/\/www.instagram.com\/manukool.ee\/\"]}]}<\/script>\n<!-- \/ Yoast SEO plugin. -->","yoast_head_json":{"title":"Eesti keel - Manukool keeltekool","robots":{"index":"index","follow":"follow","max-snippet":"max-snippet:-1","max-image-preview":"max-image-preview:large","max-video-preview":"max-video-preview:-1"},"canonical":"https:\/\/manukool.ee\/ru\/kursused\/eesti-keel\/","og_locale":"ru_RU","og_type":"article","og_title":"Eesti keel - Manukool keeltekool","og_description":"Manukool keeltekoolis saab \u00f5ppida eesti keelt alates nullist. Eesti keele kursustel tasemetele A1, A2, B1\u00a0 sa \u00f5pid r\u00e4\u00e4kima keelt selgelt ja kindl","og_url":"https:\/\/manukool.ee\/ru\/kursused\/eesti-keel\/","og_site_name":"Manukool","article_publisher":"https:\/\/www.facebook.com\/manukool.ee","article_modified_time":"2022-11-04T11:07:24+00:00","og_image":[{"width":250,"height":167,"url":"https:\/\/manukool.ee\/wp-content\/uploads\/2022\/07\/eesti-flag-250w.png","type":"image\/png"}],"twitter_card":"summary_large_image","schema":{"@context":"https:\/\/schema.org","@graph":[{"@type":"WebPage","@id":"https:\/\/manukool.ee\/kursused\/eesti-keel\/","url":"https:\/\/manukool.ee\/kursused\/eesti-keel\/","name":"Eesti keel - Manukool keeltekool","isPartOf":{"@id":"https:\/\/manukool.ee\/#website"},"primaryImageOfPage":{"@id":"https:\/\/manukool.ee\/kursused\/eesti-keel\/#primaryimage"},"image":{"@id":"https:\/\/manukool.ee\/kursused\/eesti-keel\/#primaryimage"},"thumbnailUrl":"https:\/\/manukool.ee\/wp-content\/uploads\/2022\/07\/eesti-flag-250w.png","datePublished":"2022-07-07T13:33:09+00:00","dateModified":"2022-11-04T11:07:24+00:00","breadcrumb":{"@id":"https:\/\/manukool.ee\/kursused\/eesti-keel\/#breadcrumb"},"inLanguage":"ru-RU","potentialAction":[{"@type":"ReadAction","target":["https:\/\/manukool.ee\/kursused\/eesti-keel\/"]}]},{"@type":"ImageObject","inLanguage":"ru-RU","@id":"https:\/\/manukool.ee\/kursused\/eesti-keel\/#primaryimage","url":"https:\/\/manukool.ee\/wp-content\/uploads\/2022\/07\/eesti-flag-250w.png","contentUrl":"https:\/\/manukool.ee\/wp-content\/uploads\/2022\/07\/eesti-flag-250w.png","width":250,"height":167},{"@type":"BreadcrumbList","@id":"https:\/\/manukool.ee\/kursused\/eesti-keel\/#breadcrumb","itemListElement":[{"@type":"ListItem","position":1,"name":"Avaleh\u0435","item":"https:\/\/manukool.ee\/"},{"@type":"ListItem","position":2,"name":"Kursused","item":"https:\/\/manukool.ee\/ru\/kursused\/"},{"@type":"ListItem","position":3,"name":"Eesti keel"}]},{"@type":"WebSite","@id":"https:\/\/manukool.ee\/#website","url":"https:\/\/manukool.ee\/","name":"Manukool","description":"kaasaegne keeltekool","publisher":{"@id":"https:\/\/manukool.ee\/#organization"},"potentialAction":[{"@type":"SearchAction","target":{"@type":"EntryPoint","urlTemplate":"https:\/\/manukool.ee\/?s={search_term_string}"},"query-input":{"@type":"PropertyValueSpecification","valueRequired":true,"valueName":"search_term_string"}}],"inLanguage":"ru-RU"},{"@type":"Organization","@id":"https:\/\/manukool.ee\/#organization","name":"Manukool keeltekool","alternateName":"Manukool O\u00dc","url":"https:\/\/manukool.ee\/","logo":{"@type":"ImageObject","inLanguage":"ru-RU","@id":"https:\/\/manukool.ee\/#\/schema\/logo\/image\/","url":"https:\/\/manukool.ee\/wp-content\/uploads\/2022\/11\/logo-last-big-crop-350px.webp","contentUrl":"https:\/\/manukool.ee\/wp-content\/uploads\/2022\/11\/logo-last-big-crop-350px.webp","width":350,"height":88,"caption":"Manukool keeltekool"},"image":{"@id":"https:\/\/manukool.ee\/#\/schema\/logo\/image\/"},"sameAs":["https:\/\/www.facebook.com\/manukool.ee","https:\/\/www.instagram.com\/manukool.ee\/"]}]}},"_links":{"self":[{"href":"https:\/\/manukool.ee\/ru\/wp-json\/wp\/v2\/pages\/437","targetHints":{"allow":["GET"]}}],"collection":[{"href":"https:\/\/manukool.ee\/ru\/wp-json\/wp\/v2\/pages"}],"about":[{"href":"https:\/\/manukool.ee\/ru\/wp-json\/wp\/v2\/types\/page"}],"author":[{"embeddable":true,"href":"https:\/\/manukool.ee\/ru\/wp-json\/wp\/v2\/users\/1"}],"replies":[{"embeddable":true,"href":"https:\/\/manukool.ee\/ru\/wp-json\/wp\/v2\/comments?post=437"}],"version-history":[{"count":82,"href":"https:\/\/manukool.ee\/ru\/wp-json\/wp\/v2\/pages\/437\/revisions"}],"predecessor-version":[{"id":4250,"href":"https:\/\/manukool.ee\/ru\/wp-json\/wp\/v2\/pages\/437\/revisions\/4250"}],"up":[{"embeddable":true,"href":"https:\/\/manukool.ee\/ru\/wp-json\/wp\/v2\/pages\/435"}],"wp:featuredmedia":[{"embeddable":true,"href":"https:\/\/manukool.ee\/ru\/wp-json\/wp\/v2\/media\/886"}],"wp:attachment":[{"href":"https:\/\/manukool.ee\/ru\/wp-json\/wp\/v2\/media?parent=437"}],"curies":[{"name":"wp","href":"https:\/\/api.w.org\/{rel}","templated":true}]}}