{"id":3,"date":"2022-06-28T21:10:07","date_gmt":"2022-06-28T18:10:07","guid":{"rendered":"https:\/\/manukool.ee\/?page_id=3"},"modified":"2022-09-05T12:54:34","modified_gmt":"2022-09-05T09:54:34","slug":"andmekaitsetingimused","status":"publish","type":"page","link":"https:\/\/manukool.ee\/ru\/andmekaitsetingimused\/","title":{"rendered":"Andmekaitsetingimused"},"content":{"rendered":"<h2 class=\"wp-block-heading\">Kes me oleme<\/h2><p><strong class=\"privacy-policy-tutorial\">Soovitatav tekst: <\/strong>Meie veebisaidi aadress on https:\/\/manukool.ee.<\/p><h2 class=\"wp-block-heading\">Kommentaarid<\/h2><p><strong class=\"privacy-policy-tutorial\">Soovitatav tekst: <\/strong>Kui k\u00fclastajad j\u00e4tavad saidile kommentaare, salvestame kommentaarivormi andmed ning ka k\u00fclastaja IP-aadressi ja veebilehitseja tunnuse, et paremini tuvastada r\u00e4mpsu.<\/p><p>Sinu e-postiaadressi p\u00f5hjal loodud anon\u00fc\u00fcmne tekstijada (r\u00e4si), mida v\u00f5idakse edastada Gravatari teenusele, et kontrollida selle kasutamist. Gravatari andmekaitsetingimused leiad siit: https:\/\/automattic.com\/privacy\/. Peale kommentaari heakskiitmist on sinu profiilipilt kommentaari juures avalikult n\u00e4htav.<\/p><h2 class=\"wp-block-heading\">Meedia<\/h2><p><strong class=\"privacy-policy-tutorial\">Soovitatav tekst: <\/strong>Kui laadid veebilehele \u00fcles pilte, v\u00e4ldi asukohainfo (EXIF GPS) salvestamist piltidesse. Veebilehe k\u00fclastajad v\u00f5ivad pildid alla laadida ja saada nii k\u00e4tte kogu neis sisalduva asukohainfo.<\/p><h2 class=\"wp-block-heading\">K\u00fcpsised<\/h2><p><strong class=\"privacy-policy-tutorial\">Soovitatav tekst: <\/strong>Kui lisad saidile kommentaari, v\u00f5id valida enda nime, e-postiaadressi ja veebilehe info salvestamise k\u00fcpsistena. Need on m\u00f5eldud mugavusvalikuna, kunas p\u00e4\u00e4sed j\u00e4rgmise kommentaari juures selle info uuesti sisestamisest. Need k\u00fcpsised s\u00e4ilivad \u00fche aasta.<\/p><p>Sisselogimislehe k\u00fclastamisel seame paika ajutise k\u00fcpsise, mis tuvastab, kas su veebilehitseja lubab k\u00fcpsiseid v\u00f5i ei.  See k\u00fcpsis ei sisalda isikuandmeid ning v\u00f5etakse veebilehitseja sulgemisel maha.<\/p><p>Kui logid sisse, kasutame mitut k\u00fcpsist sisselogimisinfo ja ekraanivalikute salvestamiseks. Sisselogimisk\u00fcpsised s\u00e4ilivad kaks p\u00e4eva, ekraanivalikute omad \u00fche aasta. Kui valid &quot;M\u00e4leta mind&quot;, j\u00e4etakse sisselogimine meelde kaheks n\u00e4dalaks. Kontolt v\u00e4lja logides sisselogimisk\u00fcpsised eemaldatakse.<\/p><p>Artikli muutmisel v\u00f5i avaldamisel salvestatakse sinu veebilehitsejasse uus k\u00fcpsis. See ei sisalda isikuandmeid ning n\u00e4itab vaid muudetud postituse identifikaatorit. See aegub 1 p\u00e4eva p\u00e4rast.<\/p><h2 class=\"wp-block-heading\">Lisatud sisu muudelt veebisaitidelt<\/h2><p><strong class=\"privacy-policy-tutorial\">Soovitatav tekst: <\/strong>Selle veebisaidi artiklites v\u00f5ib olla lisatud sisu muudest allikatest (videod, pildid, artiklid jne). Need k\u00e4ituvad samamoodi nagu nende algse p\u00e4ritolulehe k\u00fclastamisel.<\/p><p>See veebileht v\u00f5ib koguda sinu kohta infot, kasutada k\u00fcpsiseid, lisada kolmanda osapoole j\u00e4lgimismehhanisme ja neid sinu tegevuse j\u00e4lgimiseks kasutada, kui oled sinna kasutajakonto loonud ja sisse loginud.<\/p><h2 class=\"wp-block-heading\">Kellega me andmeid jagame<\/h2><p><strong class=\"privacy-policy-tutorial\">Soovitatav tekst: <\/strong>If you request a password reset, your IP address will be included in the reset email.<\/p><h2 class=\"wp-block-heading\">Kui kaua me andmeid s\u00e4ilitame<\/h2><p><strong class=\"privacy-policy-tutorial\">Soovitatav tekst: <\/strong>Kommentaare ja nende metaandmeid s\u00e4ilitatakse t\u00e4htajatult, et v\u00f5imaldada j\u00e4rgnevate kommentaaride automaatset tuvastamist ja heakskiitu ilma neid modereerimisele saatmata.<\/p><p>Veebisaidil registreerunud kasutajate kohta s\u00e4ilitame infot, mida nad enda kasutajaprofiili sisestavad. K\u00f5ik kasutajad saavad enda infot igal ajal n\u00e4ha, muuta ja kustuda (erandiks on kasutajanimi, mida ei saa muuta). Seda infot saavad n\u00e4ha ja muuta ka veebisaidi haldurid.<\/p><h2 class=\"wp-block-heading\">Millised on \u00f5igused enda andmetele<\/h2><p><strong class=\"privacy-policy-tutorial\">Soovitatav tekst: <\/strong>Kui sul on sellel veebisaidil kasutajakonto v\u00f5i oled kirjutanud kommentaare, v\u00f5id taotleda faili meie poolt enda kohta k\u00e4ivate isikuandmetega, sh enda poolt sisestatud info. V\u00f5id ka taotleda k\u00f5igi enda kohta k\u00e4ivate andmete kustutamist. See ei puuduta andmeid, mida oleme kohustatud s\u00e4ilitama halduse, seaduste v\u00f5i turvalisuse vajadustest l\u00e4htuvalt.<\/p><h2 class=\"wp-block-heading\">Where your data is sent<\/h2><p><strong class=\"privacy-policy-tutorial\">Soovitatav tekst: <\/strong>K\u00fclastajate kommentaare saab kontrollida automaatse r\u00e4mpsufiltri abil.<\/p>","protected":false},"excerpt":{"rendered":"<p>Kes me oleme Soovitatav tekst: Meie veebisaidi aadress on https:\/\/manukool.ee. Kommentaarid Soovitatav tekst: Kui k\u00fclastajad j\u00e4tavad saidile kommentaare, salvestame kommentaarivormi andmed ning ka k\u00fclastaja IP-aadressi ja veebilehitseja tunnuse, et paremini tuvastada r\u00e4mpsu. Sinu e-postiaadressi p\u00f5hjal loodud anon\u00fc\u00fcmne tekstijada (r\u00e4si), mida v\u00f5idakse edastada Gravatari teenusele, et kontrollida selle kasutamist. Gravatari andmekaitsetingimused leiad siit: https:\/\/automattic.com\/privacy\/. Peale kommentaari [&hellip;]<\/p>","protected":false},"author":1,"featured_media":0,"parent":0,"menu_order":0,"comment_status":"closed","ping_status":"closed","template":"","meta":{"_acf_changed":false,"footnotes":""},"class_list":["post-3","page","type-page","status-publish","hentry"],"acf":[],"yoast_head":"<!-- This site is optimized with the Yoast SEO plugin v24.9 - https:\/\/yoast.com\/wordpress\/plugins\/seo\/ -->\n<title>Andmekaitsetingimused - Manukool keeltekool<\/title>\n<meta name=\"robots\" content=\"index, follow, max-snippet:-1, max-image-preview:large, max-video-preview:-1\" \/>\n<link rel=\"canonical\" href=\"https:\/\/manukool.ee\/ru\/andmekaitsetingimused\/\" \/>\n<meta property=\"og:locale\" content=\"ru_RU\" \/>\n<meta property=\"og:type\" content=\"article\" \/>\n<meta property=\"og:title\" content=\"Andmekaitsetingimused - Manukool keeltekool\" \/>\n<meta property=\"og:description\" content=\"Kes me oleme Soovitatav tekst: Meie veebisaidi aadress on https:\/\/manukool.ee. Kommentaarid Soovitatav tekst: Kui k\u00fclastajad j\u00e4tavad saidile komment\" \/>\n<meta property=\"og:url\" content=\"https:\/\/manukool.ee\/ru\/andmekaitsetingimused\/\" \/>\n<meta property=\"og:site_name\" content=\"Manukool\" \/>\n<meta property=\"article:publisher\" content=\"https:\/\/www.facebook.com\/manukool.ee\" \/>\n<meta property=\"article:modified_time\" content=\"2022-09-05T09:54:34+00:00\" \/>\n<meta name=\"twitter:card\" content=\"summary_large_image\" \/>\n<script type=\"application\/ld+json\" class=\"yoast-schema-graph\">{\"@context\":\"https:\/\/schema.org\",\"@graph\":[{\"@type\":\"WebPage\",\"@id\":\"https:\/\/manukool.ee\/andmekaitsetingimused\/\",\"url\":\"https:\/\/manukool.ee\/andmekaitsetingimused\/\",\"name\":\"Andmekaitsetingimused - Manukool keeltekool\",\"isPartOf\":{\"@id\":\"https:\/\/manukool.ee\/#website\"},\"datePublished\":\"2022-06-28T18:10:07+00:00\",\"dateModified\":\"2022-09-05T09:54:34+00:00\",\"breadcrumb\":{\"@id\":\"https:\/\/manukool.ee\/andmekaitsetingimused\/#breadcrumb\"},\"inLanguage\":\"ru-RU\",\"potentialAction\":[{\"@type\":\"ReadAction\",\"target\":[\"https:\/\/manukool.ee\/andmekaitsetingimused\/\"]}]},{\"@type\":\"BreadcrumbList\",\"@id\":\"https:\/\/manukool.ee\/andmekaitsetingimused\/#breadcrumb\",\"itemListElement\":[{\"@type\":\"ListItem\",\"position\":1,\"name\":\"Avaleh\u0435\",\"item\":\"https:\/\/manukool.ee\/\"},{\"@type\":\"ListItem\",\"position\":2,\"name\":\"Andmekaitsetingimused\"}]},{\"@type\":\"WebSite\",\"@id\":\"https:\/\/manukool.ee\/#website\",\"url\":\"https:\/\/manukool.ee\/\",\"name\":\"Manukool\",\"description\":\"kaasaegne keeltekool\",\"publisher\":{\"@id\":\"https:\/\/manukool.ee\/#organization\"},\"potentialAction\":[{\"@type\":\"SearchAction\",\"target\":{\"@type\":\"EntryPoint\",\"urlTemplate\":\"https:\/\/manukool.ee\/?s={search_term_string}\"},\"query-input\":{\"@type\":\"PropertyValueSpecification\",\"valueRequired\":true,\"valueName\":\"search_term_string\"}}],\"inLanguage\":\"ru-RU\"},{\"@type\":\"Organization\",\"@id\":\"https:\/\/manukool.ee\/#organization\",\"name\":\"Manukool keeltekool\",\"alternateName\":\"Manukool O\u00dc\",\"url\":\"https:\/\/manukool.ee\/\",\"logo\":{\"@type\":\"ImageObject\",\"inLanguage\":\"ru-RU\",\"@id\":\"https:\/\/manukool.ee\/#\/schema\/logo\/image\/\",\"url\":\"https:\/\/manukool.ee\/wp-content\/uploads\/2022\/11\/logo-last-big-crop-350px.webp\",\"contentUrl\":\"https:\/\/manukool.ee\/wp-content\/uploads\/2022\/11\/logo-last-big-crop-350px.webp\",\"width\":350,\"height\":88,\"caption\":\"Manukool keeltekool\"},\"image\":{\"@id\":\"https:\/\/manukool.ee\/#\/schema\/logo\/image\/\"},\"sameAs\":[\"https:\/\/www.facebook.com\/manukool.ee\",\"https:\/\/www.instagram.com\/manukool.ee\/\"]}]}<\/script>\n<!-- \/ Yoast SEO plugin. -->","yoast_head_json":{"title":"Andmekaitsetingimused - Manukool keeltekool","robots":{"index":"index","follow":"follow","max-snippet":"max-snippet:-1","max-image-preview":"max-image-preview:large","max-video-preview":"max-video-preview:-1"},"canonical":"https:\/\/manukool.ee\/ru\/andmekaitsetingimused\/","og_locale":"ru_RU","og_type":"article","og_title":"Andmekaitsetingimused - Manukool keeltekool","og_description":"Kes me oleme Soovitatav tekst: Meie veebisaidi aadress on https:\/\/manukool.ee. Kommentaarid Soovitatav tekst: Kui k\u00fclastajad j\u00e4tavad saidile komment","og_url":"https:\/\/manukool.ee\/ru\/andmekaitsetingimused\/","og_site_name":"Manukool","article_publisher":"https:\/\/www.facebook.com\/manukool.ee","article_modified_time":"2022-09-05T09:54:34+00:00","twitter_card":"summary_large_image","schema":{"@context":"https:\/\/schema.org","@graph":[{"@type":"WebPage","@id":"https:\/\/manukool.ee\/andmekaitsetingimused\/","url":"https:\/\/manukool.ee\/andmekaitsetingimused\/","name":"Andmekaitsetingimused - Manukool keeltekool","isPartOf":{"@id":"https:\/\/manukool.ee\/#website"},"datePublished":"2022-06-28T18:10:07+00:00","dateModified":"2022-09-05T09:54:34+00:00","breadcrumb":{"@id":"https:\/\/manukool.ee\/andmekaitsetingimused\/#breadcrumb"},"inLanguage":"ru-RU","potentialAction":[{"@type":"ReadAction","target":["https:\/\/manukool.ee\/andmekaitsetingimused\/"]}]},{"@type":"BreadcrumbList","@id":"https:\/\/manukool.ee\/andmekaitsetingimused\/#breadcrumb","itemListElement":[{"@type":"ListItem","position":1,"name":"Avaleh\u0435","item":"https:\/\/manukool.ee\/"},{"@type":"ListItem","position":2,"name":"Andmekaitsetingimused"}]},{"@type":"WebSite","@id":"https:\/\/manukool.ee\/#website","url":"https:\/\/manukool.ee\/","name":"Manukool","description":"kaasaegne keeltekool","publisher":{"@id":"https:\/\/manukool.ee\/#organization"},"potentialAction":[{"@type":"SearchAction","target":{"@type":"EntryPoint","urlTemplate":"https:\/\/manukool.ee\/?s={search_term_string}"},"query-input":{"@type":"PropertyValueSpecification","valueRequired":true,"valueName":"search_term_string"}}],"inLanguage":"ru-RU"},{"@type":"Organization","@id":"https:\/\/manukool.ee\/#organization","name":"Manukool keeltekool","alternateName":"Manukool O\u00dc","url":"https:\/\/manukool.ee\/","logo":{"@type":"ImageObject","inLanguage":"ru-RU","@id":"https:\/\/manukool.ee\/#\/schema\/logo\/image\/","url":"https:\/\/manukool.ee\/wp-content\/uploads\/2022\/11\/logo-last-big-crop-350px.webp","contentUrl":"https:\/\/manukool.ee\/wp-content\/uploads\/2022\/11\/logo-last-big-crop-350px.webp","width":350,"height":88,"caption":"Manukool keeltekool"},"image":{"@id":"https:\/\/manukool.ee\/#\/schema\/logo\/image\/"},"sameAs":["https:\/\/www.facebook.com\/manukool.ee","https:\/\/www.instagram.com\/manukool.ee\/"]}]}},"_links":{"self":[{"href":"https:\/\/manukool.ee\/ru\/wp-json\/wp\/v2\/pages\/3","targetHints":{"allow":["GET"]}}],"collection":[{"href":"https:\/\/manukool.ee\/ru\/wp-json\/wp\/v2\/pages"}],"about":[{"href":"https:\/\/manukool.ee\/ru\/wp-json\/wp\/v2\/types\/page"}],"author":[{"embeddable":true,"href":"https:\/\/manukool.ee\/ru\/wp-json\/wp\/v2\/users\/1"}],"replies":[{"embeddable":true,"href":"https:\/\/manukool.ee\/ru\/wp-json\/wp\/v2\/comments?post=3"}],"version-history":[{"count":1,"href":"https:\/\/manukool.ee\/ru\/wp-json\/wp\/v2\/pages\/3\/revisions"}],"predecessor-version":[{"id":772,"href":"https:\/\/manukool.ee\/ru\/wp-json\/wp\/v2\/pages\/3\/revisions\/772"}],"wp:attachment":[{"href":"https:\/\/manukool.ee\/ru\/wp-json\/wp\/v2\/media?parent=3"}],"curies":[{"name":"wp","href":"https:\/\/api.w.org\/{rel}","templated":true}]}}